{"id":695,"date":"2019-07-12T12:42:39","date_gmt":"2019-07-12T09:42:39","guid":{"rendered":"http:\/\/airsoftanatolia.org\/?page_id=695"},"modified":"2021-07-30T13:38:28","modified_gmt":"2021-07-30T10:38:28","slug":"wallpapers","status":"publish","type":"page","link":"http:\/\/airsoftanatolia.org\/?page_id=695","title":{"rendered":"Duvar Ka\u011f\u0131d\u0131"},"content":{"rendered":"<h3>Resimlere t\u0131klayarak y\u00fcksek \u00e7\u00f6z\u00fcn\u00fcrl\u00fckl\u00fc hallerini indirebilirsiniz.<\/h3>\n<h3>\u00a0<\/h3>\n\n\n<figure class=\"is-layout-flex wp-block-gallery-1 wp-block-gallery columns-3 is-cropped\"><ul class=\"blocks-gallery-grid\"><li class=\"blocks-gallery-item\"><figure><a href=\"http:\/\/airsoftanatolia.org\/wp-content\/uploads\/sites\/9\/2019\/09\/2.jpg\" data-rel=\"lightbox-image-0\" data-rl_title=\"\" data-rl_caption=\"\" title=\"\"><img decoding=\"async\" loading=\"lazy\" width=\"1024\" height=\"651\" src=\"http:\/\/airsoftanatolia.org\/wp-content\/uploads\/sites\/9\/2019\/09\/2-1024x651.jpg\" alt=\"\" data-id=\"747\" data-full-url=\"http:\/\/airsoftanatolia.org\/wp-content\/uploads\/sites\/9\/2019\/09\/2.jpg\" data-link=\"https:\/\/airsoftanatolia.org\/2-2\/\" class=\"wp-image-747\" srcset=\"http:\/\/airsoftanatolia.org\/wp-content\/uploads\/sites\/9\/2019\/09\/2-1024x651.jpg 1024w, http:\/\/airsoftanatolia.org\/wp-content\/uploads\/sites\/9\/2019\/09\/2-300x191.jpg 300w, http:\/\/airsoftanatolia.org\/wp-content\/uploads\/sites\/9\/2019\/09\/2-768x488.jpg 768w\" sizes=\"(max-width: 1024px) 100vw, 1024px\" \/><\/a><\/figure><\/li><li class=\"blocks-gallery-item\"><figure><a href=\"http:\/\/airsoftanatolia.org\/wp-content\/uploads\/sites\/9\/2019\/07\/WALLtasar\u0131m1a.jpg\" data-rel=\"lightbox-image-1\" data-rl_title=\"\" data-rl_caption=\"\" title=\"\"><img decoding=\"async\" loading=\"lazy\" width=\"1024\" height=\"666\" src=\"http:\/\/airsoftanatolia.org\/wp-content\/uploads\/sites\/9\/2019\/07\/WALLtasar\u0131m1a-1024x666.jpg\" alt=\"\" data-id=\"682\" data-full-url=\"http:\/\/airsoftanatolia.org\/wp-content\/uploads\/sites\/9\/2019\/07\/WALLtasar\u0131m1a.jpg\" data-link=\"https:\/\/airsoftanatolia.org\/grunge-background-wallpaper-texture-concrete-concept\/\" class=\"wp-image-682\" srcset=\"http:\/\/airsoftanatolia.org\/wp-content\/uploads\/sites\/9\/2019\/07\/WALLtasar\u0131m1a-1024x666.jpg 1024w, http:\/\/airsoftanatolia.org\/wp-content\/uploads\/sites\/9\/2019\/07\/WALLtasar\u0131m1a-300x195.jpg 300w, http:\/\/airsoftanatolia.org\/wp-content\/uploads\/sites\/9\/2019\/07\/WALLtasar\u0131m1a-768x500.jpg 768w, http:\/\/airsoftanatolia.org\/wp-content\/uploads\/sites\/9\/2019\/07\/WALLtasar\u0131m1a.jpg 1391w\" sizes=\"(max-width: 1024px) 100vw, 1024px\" \/><\/a><figcaption class=\"blocks-gallery-item__caption\">Grunge Background Wallpaper Texture Concrete Concept<\/figcaption><\/figure><\/li><li class=\"blocks-gallery-item\"><figure><a href=\"http:\/\/airsoftanatolia.org\/wp-content\/uploads\/sites\/9\/2019\/07\/grup_banner-1.jpg\" data-rel=\"lightbox-image-2\" data-rl_title=\"\" data-rl_caption=\"\" title=\"\"><img decoding=\"async\" loading=\"lazy\" width=\"1024\" height=\"416\" src=\"http:\/\/airsoftanatolia.org\/wp-content\/uploads\/sites\/9\/2019\/07\/grup_banner-1-1024x416.jpg\" alt=\"\" data-id=\"683\" data-full-url=\"http:\/\/airsoftanatolia.org\/wp-content\/uploads\/sites\/9\/2019\/07\/grup_banner-1.jpg\" data-link=\"https:\/\/airsoftanatolia.org\/grup_banner-1\/\" class=\"wp-image-683\" srcset=\"http:\/\/airsoftanatolia.org\/wp-content\/uploads\/sites\/9\/2019\/07\/grup_banner-1-1024x416.jpg 1024w, http:\/\/airsoftanatolia.org\/wp-content\/uploads\/sites\/9\/2019\/07\/grup_banner-1-300x122.jpg 300w, http:\/\/airsoftanatolia.org\/wp-content\/uploads\/sites\/9\/2019\/07\/grup_banner-1-768x312.jpg 768w, http:\/\/airsoftanatolia.org\/wp-content\/uploads\/sites\/9\/2019\/07\/grup_banner-1.jpg 1640w\" sizes=\"(max-width: 1024px) 100vw, 1024px\" \/><\/a><\/figure><\/li><li class=\"blocks-gallery-item\"><figure><a href=\"http:\/\/airsoftanatolia.org\/wp-content\/uploads\/sites\/9\/2019\/07\/WALL2.jpg\" data-rel=\"lightbox-image-3\" data-rl_title=\"\" data-rl_caption=\"\" title=\"\"><img decoding=\"async\" loading=\"lazy\" width=\"1024\" height=\"574\" src=\"http:\/\/airsoftanatolia.org\/wp-content\/uploads\/sites\/9\/2019\/07\/WALL2-1024x574.jpg\" alt=\"\" data-id=\"684\" data-full-url=\"http:\/\/airsoftanatolia.org\/wp-content\/uploads\/sites\/9\/2019\/07\/WALL2.jpg\" data-link=\"https:\/\/airsoftanatolia.org\/basic-rgb\/\" class=\"wp-image-684\" srcset=\"http:\/\/airsoftanatolia.org\/wp-content\/uploads\/sites\/9\/2019\/07\/WALL2-1024x574.jpg 1024w, http:\/\/airsoftanatolia.org\/wp-content\/uploads\/sites\/9\/2019\/07\/WALL2-300x168.jpg 300w, http:\/\/airsoftanatolia.org\/wp-content\/uploads\/sites\/9\/2019\/07\/WALL2-768x431.jpg 768w, http:\/\/airsoftanatolia.org\/wp-content\/uploads\/sites\/9\/2019\/07\/WALL2.jpg 1500w\" sizes=\"(max-width: 1024px) 100vw, 1024px\" \/><\/a><figcaption class=\"blocks-gallery-item__caption\">Grunge orange distressed textured background<\/figcaption><\/figure><\/li><li class=\"blocks-gallery-item\"><figure><a href=\"http:\/\/airsoftanatolia.org\/wp-content\/uploads\/sites\/9\/2017\/06\/wallpaper12_1280x800.jpg\" data-rel=\"lightbox-image-4\" data-rl_title=\"\" data-rl_caption=\"\" title=\"\"><img decoding=\"async\" loading=\"lazy\" width=\"1024\" height=\"640\" src=\"http:\/\/airsoftanatolia.org\/wp-content\/uploads\/sites\/9\/2017\/06\/wallpaper12_1280x800-1024x640.jpg\" alt=\"\" data-id=\"305\" data-full-url=\"http:\/\/airsoftanatolia.org\/wp-content\/uploads\/sites\/9\/2017\/06\/wallpaper12_1280x800.jpg\" data-link=\"https:\/\/airsoftanatolia.org\/wallpaper12_1280x800\/\" class=\"wp-image-305\" srcset=\"http:\/\/airsoftanatolia.org\/wp-content\/uploads\/sites\/9\/2017\/06\/wallpaper12_1280x800-1024x640.jpg 1024w, http:\/\/airsoftanatolia.org\/wp-content\/uploads\/sites\/9\/2017\/06\/wallpaper12_1280x800-300x188.jpg 300w, http:\/\/airsoftanatolia.org\/wp-content\/uploads\/sites\/9\/2017\/06\/wallpaper12_1280x800-768x480.jpg 768w, http:\/\/airsoftanatolia.org\/wp-content\/uploads\/sites\/9\/2017\/06\/wallpaper12_1280x800.jpg 1280w\" sizes=\"(max-width: 1024px) 100vw, 1024px\" \/><\/a><\/figure><\/li><li class=\"blocks-gallery-item\"><figure><a href=\"http:\/\/airsoftanatolia.org\/wp-content\/uploads\/sites\/9\/2017\/06\/wallpaper1_1280x800.jpg\" data-rel=\"lightbox-image-5\" data-rl_title=\"\" data-rl_caption=\"\" title=\"\"><img decoding=\"async\" loading=\"lazy\" width=\"1024\" height=\"640\" src=\"http:\/\/airsoftanatolia.org\/wp-content\/uploads\/sites\/9\/2017\/06\/wallpaper1_1280x800-1024x640.jpg\" alt=\"\" data-id=\"301\" data-full-url=\"http:\/\/airsoftanatolia.org\/wp-content\/uploads\/sites\/9\/2017\/06\/wallpaper1_1280x800.jpg\" data-link=\"https:\/\/airsoftanatolia.org\/wallpaper1_1280x800\/\" class=\"wp-image-301\" srcset=\"http:\/\/airsoftanatolia.org\/wp-content\/uploads\/sites\/9\/2017\/06\/wallpaper1_1280x800-1024x640.jpg 1024w, http:\/\/airsoftanatolia.org\/wp-content\/uploads\/sites\/9\/2017\/06\/wallpaper1_1280x800-300x188.jpg 300w, http:\/\/airsoftanatolia.org\/wp-content\/uploads\/sites\/9\/2017\/06\/wallpaper1_1280x800-768x480.jpg 768w, http:\/\/airsoftanatolia.org\/wp-content\/uploads\/sites\/9\/2017\/06\/wallpaper1_1280x800.jpg 1280w\" sizes=\"(max-width: 1024px) 100vw, 1024px\" \/><\/a><\/figure><\/li><\/ul><\/figure>\n","protected":false},"excerpt":{"rendered":"<p>Resimlere t\u0131klayarak y\u00fcksek \u00e7\u00f6z\u00fcn\u00fcrl\u00fckl\u00fc hallerini indirebilirsiniz. \u00a0 Grunge Background Wallpaper Texture Concrete ConceptGrunge orange distressed textured background<\/p>\n","protected":false},"author":1,"featured_media":0,"parent":0,"menu_order":0,"comment_status":"closed","ping_status":"closed","template":"","meta":[],"_links":{"self":[{"href":"http:\/\/airsoftanatolia.org\/index.php?rest_route=\/wp\/v2\/pages\/695"}],"collection":[{"href":"http:\/\/airsoftanatolia.org\/index.php?rest_route=\/wp\/v2\/pages"}],"about":[{"href":"http:\/\/airsoftanatolia.org\/index.php?rest_route=\/wp\/v2\/types\/page"}],"author":[{"embeddable":true,"href":"http:\/\/airsoftanatolia.org\/index.php?rest_route=\/wp\/v2\/users\/1"}],"replies":[{"embeddable":true,"href":"http:\/\/airsoftanatolia.org\/index.php?rest_route=%2Fwp%2Fv2%2Fcomments&post=695"}],"version-history":[{"count":8,"href":"http:\/\/airsoftanatolia.org\/index.php?rest_route=\/wp\/v2\/pages\/695\/revisions"}],"predecessor-version":[{"id":886,"href":"http:\/\/airsoftanatolia.org\/index.php?rest_route=\/wp\/v2\/pages\/695\/revisions\/886"}],"wp:attachment":[{"href":"http:\/\/airsoftanatolia.org\/index.php?rest_route=%2Fwp%2Fv2%2Fmedia&parent=695"}],"curies":[{"name":"wp","href":"https:\/\/api.w.org\/{rel}","templated":true}]}}